{"id":14776,"date":"2024-09-10T22:12:15","date_gmt":"2024-09-10T20:12:15","guid":{"rendered":"https:\/\/www.metamorfozis.pl\/?page_id=14776"},"modified":"2026-03-18T17:08:19","modified_gmt":"2026-03-18T16:08:19","slug":"dane-do-przelewow","status":"publish","type":"page","link":"https:\/\/www.metamorfozis.pl\/en\/dane-do-przelewow\/","title":{"rendered":"Dane do przelew\u00f3w"},"content":{"rendered":"<div data-colibri-id=\"14776-c1\" class=\"style-1657 style-local-14776-c1 position-relative\">\n  <!---->\n  <div data-colibri-component=\"section\" data-colibri-id=\"14776-c2\" id=\"content\" class=\"h-section h-section-global-spacing d-flex align-items-lg-center align-items-md-center align-items-center style-1658 style-local-14776-c2 position-relative\">\n    <!---->\n    <!---->\n    <div class=\"h-section-grid-container h-section-boxed-container\">\n      <!---->\n      <div data-colibri-id=\"14776-c3\" class=\"h-row-container gutters-row-lg-2 gutters-row-md-2 gutters-row-2 gutters-row-v-lg-2 gutters-row-v-md-2 gutters-row-v-2 style-1659 style-local-14776-c3 position-relative\">\n        <!---->\n        <div class=\"h-row justify-content-lg-center justify-content-md-center justify-content-center align-items-lg-stretch align-items-md-stretch align-items-stretch gutters-col-lg-2 gutters-col-md-2 gutters-col-2 gutters-col-v-lg-2 gutters-col-v-md-2 gutters-col-v-2\">\n          <!---->\n          <div class=\"h-column h-column-container d-flex h-col-lg-auto h-col-md-auto h-col-auto style-1660-outer style-local-14776-c4-outer\">\n            <div data-colibri-id=\"14776-c4\" class=\"d-flex h-flex-basis h-column__inner h-px-lg-0 h-px-md-0 h-px-0 v-inner-lg-0 v-inner-md-0 v-inner-0 style-1660 style-local-14776-c4 position-relative\">\n              <!---->\n              <!---->\n              <div class=\"w-100 h-y-container h-column__content h-column__v-align flex-basis-100 align-self-lg-center align-self-md-center align-self-center\">\n                <!---->\n                <div data-colibri-id=\"14776-c5\" class=\"d-block style-1685 style-local-14776-c5 position-relative h-element\">\n                  <!---->\n                  <div class=\"h-image__frame-container-outer\">\n                    <div class=\"h-image__frame-container\">\n                      <!---->\n                      <!---->\n                      <img loading=\"lazy\" decoding=\"async\" width=\"1920\" height=\"1280\" src=\"https:\/\/www.metamorfozis.pl\/wp-content\/uploads\/2024\/01\/colibri-image-31.png\" class=\"wp-image-2118 style-1685-image style-local-14776-c5-image\" alt=\"\" srcset=\"https:\/\/www.metamorfozis.pl\/wp-content\/uploads\/2024\/01\/colibri-image-31.png 1920w, https:\/\/www.metamorfozis.pl\/wp-content\/uploads\/2024\/01\/colibri-image-31-600x400.png 600w, https:\/\/www.metamorfozis.pl\/wp-content\/uploads\/2024\/01\/colibri-image-31-300x200.png 300w, https:\/\/www.metamorfozis.pl\/wp-content\/uploads\/2024\/01\/colibri-image-31-1024x683.png 1024w, https:\/\/www.metamorfozis.pl\/wp-content\/uploads\/2024\/01\/colibri-image-31-768x512.png 768w, https:\/\/www.metamorfozis.pl\/wp-content\/uploads\/2024\/01\/colibri-image-31-1536x1024.png 1536w, https:\/\/www.metamorfozis.pl\/wp-content\/uploads\/2024\/01\/colibri-image-31-174x116.png 174w\" sizes=\"auto, (max-width: 1920px) 100vw, 1920px\" \/>\n                      <div class=\"h-image__frame h-hide-lg h-hide-md h-hide-sm style-1685-frameImage style-local-14776-c5-frameImage\"><\/div>\n                    <\/div>\n                  <\/div>\n                <\/div>\n              <\/div>\n            <\/div>\n          <\/div>\n          <div class=\"h-column h-column-container d-flex h-col-lg-auto h-col-md-auto h-col-auto style-1663-outer style-local-14776-c6-outer\">\n            <div data-colibri-id=\"14776-c6\" class=\"d-flex h-flex-basis h-column__inner h-px-lg-0 h-px-md-0 h-px-0 v-inner-lg-0 v-inner-md-0 v-inner-0 style-1663 style-local-14776-c6 position-relative\">\n              <!---->\n              <!---->\n              <div class=\"w-100 h-y-container h-column__content h-column__v-align flex-basis-100 align-self-lg-center align-self-md-center align-self-center\">\n                <!---->\n                <div data-colibri-id=\"14776-c7\" class=\"h-global-transition-all h-heading style-1664 style-local-14776-c7 position-relative h-element\">\n                  <!---->\n                  <div class=\"h-heading__outer style-1664 style-local-14776-c7\">\n                    <!---->\n                    <!---->\n                    <h3 class=\"\">Op\u0142ata za sesj\u0119<\/h3>\n                  <\/div>\n                <\/div>\n                <div data-colibri-id=\"14776-c8\" class=\"h-global-transition-all h-heading style-1673 style-local-14776-c8 position-relative h-element\">\n                  <!---->\n                  <div class=\"h-heading__outer style-1673 style-local-14776-c8\">\n                    <!---->\n                    <!---->\n                    <h5 class=\"\">mo\u017cesz zap\u0142aci\u0107<\/h5>\n                  <\/div>\n                <\/div>\n                <div data-colibri-id=\"14776-c9\" class=\"h-row-container gutters-row-lg-0 gutters-row-md-0 gutters-row-2 gutters-row-v-lg-0 gutters-row-v-md-0 gutters-row-v-0 style-1665 style-local-14776-c9 position-relative\">\n                  <!---->\n                  <div class=\"h-row justify-content-lg-center justify-content-md-center justify-content-center align-items-lg-stretch align-items-md-stretch align-items-stretch gutters-col-lg-0 gutters-col-md-0 gutters-col-2 gutters-col-v-lg-0 gutters-col-v-md-0 gutters-col-v-0\">\n                    <!---->\n                    <div class=\"h-column h-column-container d-flex h-col-lg-auto h-col-md-auto h-col-auto style-1666-outer style-local-14776-c10-outer\">\n                      <div data-colibri-id=\"14776-c10\" class=\"d-flex h-flex-basis h-column__inner h-px-lg-1 h-px-md-1 h-px-1 v-inner-lg-1 v-inner-md-1 v-inner-1 style-1666 style-local-14776-c10 position-relative\">\n                        <!---->\n                        <!---->\n                        <div class=\"w-100 h-y-container h-column__content h-column__v-align flex-basis-auto align-self-lg-start align-self-md-start align-self-start\">\n                          <!---->\n                          <div data-colibri-id=\"14776-c11\" class=\"h-icon style-1667 style-local-14776-c11 position-relative h-element\">\n                            <!----><span class=\"h-svg-icon h-icon__icon style-1667-icon style-local-14776-c11-icon\"><!--Icon by Material Icons (https:\/\/material.io)--><svg version=\"1.1\" xmlns=\"http:\/\/www.w3.org\/2000\/svg\" xmlns:xlink=\"http:\/\/www.w3.org\/1999\/xlink\" id=\"phonelink_lock\" viewbox=\"0 0 512 512\"><path d=\"M203 235v-32q0-12-9.5-20t-22.5-8q-13 0-22.5 8t-9.5 20v32h64zm27 0q10 0 18 8t8 19v75q0 10-8.5 18t-19.5 8H111q-10 0-18-8.5T85 335v-75q0-10 8-17.5t18-7.5v-32q0-22 18.5-38t41.5-16q23 0 41 16t18 38v32zM405 21q17 0 30 13t13 30v384q0 17-13 30t-30 13H192q-17 0-30-13t-13-30v-64h43v43h213V85H192v43h-43V64q0-17 13-30t30-13h213z\"><\/path><\/svg><\/span><\/div>\n                        <\/div>\n                      <\/div>\n                    <\/div>\n                    <div class=\"h-column h-column-container d-flex h-col-lg h-col-md h-col-auto style-1668-outer style-local-14776-c12-outer\">\n                      <div data-colibri-id=\"14776-c12\" class=\"d-flex h-flex-basis h-column__inner h-px-lg-1 h-px-md-1 h-px-1 v-inner-lg-1 v-inner-md-1 v-inner-1 style-1668 style-local-14776-c12 position-relative\">\n                        <!---->\n                        <!---->\n                        <div class=\"w-100 h-y-container h-column__content h-column__v-align flex-basis-100 align-self-lg-start align-self-md-start align-self-start\">\n                          <!---->\n                          <div data-colibri-id=\"14776-c13\" class=\"h-global-transition-all h-heading style-1669 style-local-14776-c13 position-relative h-element\">\n                            <!---->\n                            <div class=\"h-heading__outer style-1669 style-local-14776-c13\">\n                              <!---->\n                              <!---->\n                              <h4 class=\"\">Blikiem<\/h4>\n                            <\/div>\n                          <\/div>\n                          <div data-colibri-id=\"14776-c14\" class=\"h-text h-text-component style-1670 style-local-14776-c14 position-relative h-element\">\n                            <!---->\n                            <!---->\n                            <div class=\"\">\n                              <p><span style=\"font-weight: 300; color: rgb(102, 102, 102); font-family: &quot;Nunito Sans&quot;;\">na numer telefonu:&nbsp;+48 603 644 544<\/span><\/p>\n                            <\/div>\n                          <\/div>\n                        <\/div>\n                      <\/div>\n                    <\/div>\n                  <\/div>\n                <\/div>\n                <div data-colibri-id=\"14776-c15\" class=\"h-row-container gutters-row-lg-0 gutters-row-md-0 gutters-row-2 gutters-row-v-lg-0 gutters-row-v-md-0 gutters-row-v-0 style-1665 style-local-14776-c15 position-relative\">\n                  <!---->\n                  <div class=\"h-row justify-content-lg-center justify-content-md-center justify-content-center align-items-lg-stretch align-items-md-stretch align-items-stretch gutters-col-lg-0 gutters-col-md-0 gutters-col-2 gutters-col-v-lg-0 gutters-col-v-md-0 gutters-col-v-0\">\n                    <!---->\n                    <div class=\"h-column h-column-container d-flex h-col-lg-auto h-col-md-auto h-col-auto style-1666-outer style-local-14776-c16-outer\">\n                      <div data-colibri-id=\"14776-c16\" class=\"d-flex h-flex-basis h-column__inner h-px-lg-1 h-px-md-1 h-px-1 v-inner-lg-1 v-inner-md-1 v-inner-1 style-1666 style-local-14776-c16 position-relative\">\n                        <!---->\n                        <!---->\n                        <div class=\"w-100 h-y-container h-column__content h-column__v-align flex-basis-auto align-self-lg-start align-self-md-start align-self-start\">\n                          <!---->\n                          <div data-colibri-id=\"14776-c17\" class=\"h-icon style-1667 style-local-14776-c17 position-relative h-element\">\n                            <!----><span class=\"h-svg-icon h-icon__icon style-1667-icon style-local-14776-c17-icon\"><!--Icon by Icons8 Line Awesome (https:\/\/icons8.com\/line-awesome)--><svg version=\"1.1\" xmlns=\"http:\/\/www.w3.org\/2000\/svg\" xmlns:xlink=\"http:\/\/www.w3.org\/1999\/xlink\" id=\"money\" viewbox=\"0 0 512 545.5\"><path d=\"M447 108l12 68h-32.5l-5.5-31-181 31H50.5zM32 192h448v256H32V192zm79 32c.533 2.603 1 5.238 1 8 0 22.092-17.908 40-40 40-2.762 0-5.396-.467-8-1v98c2.603-.533 5.238-1 8-1 22.092 0 40 17.908 40 40 0 2.762-.467 5.396-1 8h290c-.533-2.603-1-5.238-1-8 0-22.092 17.908-40 40-40 2.762 0 5.396.467 8 1v-98c-2.603.533-5.238 1-8 1-22.092 0-40-17.908-40-40 0-2.762.467-5.396 1-8H111zm145 16c43.993 0 80 36.007 80 80s-36.007 80-80 80-80-36.007-80-80 36.007-80 80-80zm0 32c-26.7 0-48 21.3-48 48s21.3 48 48 48 48-21.3 48-48-21.3-48-48-48z\"><\/path><\/svg><\/span><\/div>\n                        <\/div>\n                      <\/div>\n                    <\/div>\n                    <div class=\"h-column h-column-container d-flex h-col-lg h-col-md h-col-auto style-1668-outer style-local-14776-c18-outer\">\n                      <div data-colibri-id=\"14776-c18\" class=\"d-flex h-flex-basis h-column__inner h-px-lg-1 h-px-md-1 h-px-1 v-inner-lg-1 v-inner-md-1 v-inner-1 style-1668 style-local-14776-c18 position-relative\">\n                        <!---->\n                        <!---->\n                        <div class=\"w-100 h-y-container h-column__content h-column__v-align flex-basis-100 align-self-lg-start align-self-md-start align-self-start\">\n                          <!---->\n                          <div data-colibri-id=\"14776-c19\" class=\"h-global-transition-all h-heading style-1669 style-local-14776-c19 position-relative h-element\">\n                            <!---->\n                            <div class=\"h-heading__outer style-1669 style-local-14776-c19\">\n                              <!---->\n                              <!---->\n                              <h4 class=\"\">lub przelewem na konto<\/h4>\n                            <\/div>\n                          <\/div>\n                          <div data-colibri-id=\"14776-c20\" class=\"h-text h-text-component style-1670 style-local-14776-c20 position-relative h-element\">\n                            <!---->\n                            <!---->\n                            <div class=\"\">\n                              <ul>\n                                <li><span style=\"font-weight: 300; color: rgb(102, 102, 102); font-family: &quot;Nunito Sans&quot;;\">konto w PLN: 95 1090 1809 0000 0001 6380 8705,<\/span><\/li>\n                                <li><span style=\"font-weight: 300; color: rgb(102, 102, 102); font-family: &quot;Nunito Sans&quot;;\">konto walutowe w EUR PL83 1090 1809 0000 0001 6380 8727<br><br><\/span><strong>Kod SWIFT\/BIC:<\/strong>&nbsp;WBKPPLPPXXX\n                                  <span\n                                    style=\"font-weight: 300; color: rgb(102, 102, 102); font-family: &quot;Nunito Sans&quot;;\"> <\/span>\n                                <\/li>\n                              <\/ul>\n                              <p>\n                                <br>\n                              <\/p>\n                            <\/div>\n                          <\/div>\n                          <div data-colibri-id=\"14776-c21\" class=\"h-text h-text-component style-1670 style-local-14776-c21 position-relative h-element\">\n                            <!---->\n                            <!---->\n                            <div class=\"\">\n                              <h6>Dane odbiorcy:\n                                <br><span style=\"font-weight: 300; color: rgb(102, 102, 102);\">Metamorfozis Gletschmann Sp\u00f3\u0142ka Jawna<br>Gen. Maczka 9\/14, 78-100 Ko\u0142obrzeg<\/span><\/h6>\n                              <p>\n                                <br>\n                              <\/p>\n                            <\/div>\n                          <\/div>\n                        <\/div>\n                      <\/div>\n                    <\/div>\n                  <\/div>\n                <\/div>\n              <\/div>\n            <\/div>\n          <\/div>\n        <\/div>\n      <\/div>\n    <\/div>\n  <\/div>\n<\/div>","protected":false},"excerpt":{"rendered":"<p>Op\u0142ata za sesj\u0119 mo\u017cesz zap\u0142aci\u0107 Blikiem na numer telefonu:&nbsp;+48 603 644 544 lub przelewem na konto konto w PLN: 95 1090 1809 0000 0001 6380 8705, \ufeffkonto walutowe w EUR PL83 1090 1809 0000 0001 6380 8727Kod SWIFT\/BIC:&nbsp;WBKPPLPPXXX Dane odbiorcy: Metamorfozis Gletschmann Sp\u00f3\u0142ka JawnaGen. Maczka 9\/14, 78-100 Ko\u0142obrzeg<\/p>","protected":false},"author":1,"featured_media":0,"parent":0,"menu_order":0,"comment_status":"closed","ping_status":"closed","template":"page-templates\/full-width-page.php","meta":{"footnotes":""},"class_list":["post-14776","page","type-page","status-publish","hentry"],"_links":{"self":[{"href":"https:\/\/www.metamorfozis.pl\/en\/wp-json\/wp\/v2\/pages\/14776","targetHints":{"allow":["GET"]}}],"collection":[{"href":"https:\/\/www.metamorfozis.pl\/en\/wp-json\/wp\/v2\/pages"}],"about":[{"href":"https:\/\/www.metamorfozis.pl\/en\/wp-json\/wp\/v2\/types\/page"}],"author":[{"embeddable":true,"href":"https:\/\/www.metamorfozis.pl\/en\/wp-json\/wp\/v2\/users\/1"}],"replies":[{"embeddable":true,"href":"https:\/\/www.metamorfozis.pl\/en\/wp-json\/wp\/v2\/comments?post=14776"}],"version-history":[{"count":11,"href":"https:\/\/www.metamorfozis.pl\/en\/wp-json\/wp\/v2\/pages\/14776\/revisions"}],"predecessor-version":[{"id":28658,"href":"https:\/\/www.metamorfozis.pl\/en\/wp-json\/wp\/v2\/pages\/14776\/revisions\/28658"}],"wp:attachment":[{"href":"https:\/\/www.metamorfozis.pl\/en\/wp-json\/wp\/v2\/media?parent=14776"}],"curies":[{"name":"wp","href":"https:\/\/api.w.org\/{rel}","templated":true}]}}