{"id":14797,"date":"2024-09-10T22:23:40","date_gmt":"2024-09-10T20:23:40","guid":{"rendered":"https:\/\/www.metamorfozis.pl\/?page_id=14797"},"modified":"2026-03-31T17:26:41","modified_gmt":"2026-03-31T15:26:41","slug":"przeslij-dane-do-sesji","status":"publish","type":"page","link":"https:\/\/www.metamorfozis.pl\/en\/uslugi\/sesja-prognozowania-zyciowego\/przeslij-dane-do-sesji\/","title":{"rendered":"Prze\u015blij dane do sesji"},"content":{"rendered":"<div data-colibri-id=\"14797-c1\" class=\"style-1674 style-local-14797-c1 position-relative\">\n  <!---->\n  <div data-colibri-component=\"section\" data-colibri-id=\"14797-c2\" id=\"content\" class=\"h-section h-section-global-spacing d-flex align-items-lg-center align-items-md-center align-items-center style-1675 style-local-14797-c2 position-relative\">\n    <!---->\n    <!---->\n    <div class=\"h-section-grid-container h-section-boxed-container\">\n      <div data-colibri-id=\"14797-c6\" class=\"h-row-container gutters-row-lg-2 gutters-row-md-2 gutters-row-2 gutters-row-v-lg-2 gutters-row-v-md-2 gutters-row-v-2 style-1679 style-local-14797-c6 position-relative\">\n        <!---->\n        <div class=\"h-row justify-content-lg-center justify-content-md-center justify-content-center align-items-lg-stretch align-items-md-stretch align-items-stretch gutters-col-lg-2 gutters-col-md-2 gutters-col-2 gutters-col-v-lg-2 gutters-col-v-md-2 gutters-col-v-2\">\n          <!---->\n          <div class=\"h-column h-column-container d-flex h-col-lg-auto h-col-md-auto h-col-auto style-1680-outer style-local-14797-c7-outer\">\n            <div data-colibri-id=\"14797-c7\" class=\"d-flex h-flex-basis h-column__inner h-px-lg-2 h-px-md-2 h-px-0 v-inner-lg-2 v-inner-md-2 v-inner-0 style-1680 style-local-14797-c7 position-relative\">\n              <!---->\n              <!---->\n              <div class=\"w-100 h-y-container h-column__content h-column__v-align flex-basis-100 align-self-lg-start align-self-md-start align-self-start\">\n                <!---->\n                <div data-colibri-id=\"14797-c8\" class=\"h-lead h-text h-text-component style-1682 style-local-14797-c8 position-relative h-element\">\n                  <!---->\n                  <!---->\n                  <div class=\"\">\n                    <p>Skorzystaj z poni\u017cszego formularza aby poda\u0107 dane, kt\u00f3re niezb\u0119dne s\u0105 do przygotowania oblicze\u0144 numerologicznych. Korzystaj\u0105c z poni\u017cszego formularza mo\u017cesz doda\u0107 dane maksymalnie 3 dodatkowych&nbsp;os\u00f3b (np. partnera i dzieci)<\/p>\n                  <\/div>\n                <\/div>\n              <\/div>\n            <\/div>\n          <\/div>\n        <\/div>\n      <\/div>\n      <div data-colibri-id=\"14797-c3\" class=\"h-row-container gutters-row-lg-2 gutters-row-md-2 gutters-row-2 gutters-row-v-lg-2 gutters-row-v-md-2 gutters-row-v-2 style-1676 style-local-14797-c3 position-relative\">\n        <!---->\n        <div class=\"h-row justify-content-lg-center justify-content-md-center justify-content-center align-items-lg-stretch align-items-md-stretch align-items-stretch gutters-col-lg-2 gutters-col-md-2 gutters-col-2 gutters-col-v-lg-2 gutters-col-v-md-2 gutters-col-v-2\">\n          <!---->\n          <div class=\"h-column h-column-container d-flex h-col-lg-auto h-col-md-auto h-col-auto style-1677-outer style-local-14797-c4-outer\">\n            <div data-colibri-id=\"14797-c4\" class=\"d-flex h-flex-basis h-column__inner h-px-lg-0 h-px-md-0 h-px-0 v-inner-lg-0 v-inner-md-0 v-inner-0 style-1677 style-local-14797-c4 position-relative\">\n              <!---->\n              <!---->\n              <div class=\"w-100 h-y-container h-column__content h-column__v-align flex-basis-100 align-self-lg-start align-self-md-start align-self-start\">\n                <!---->\n                <div data-colibri-id=\"14797-c5\" class=\"h-contact-form__outer--forminator style-1684 style-local-14797-c5 position-relative h-element\">\n                  <!---->\n                  <div class=\"h-global-transition-all h-global-transition h-global-transition-all h-contact-form-shortcode\"><form id=\"forminator-module-28668\" class=\"forminator-custom-form forminator-custom-form-28668\" method=\"post\" data-forminator-render=\"0\" data-uid=\"69f392b4a10f4\" action=\"\"><div role=\"alert\" aria-live=\"polite\" class=\"forminator-response-message forminator-error\" aria-hidden=\"true\"><\/div><input type=\"hidden\" name=\"trp-form-language\" value=\"en\"\/><\/form><\/div>\n                <\/div>\n              <\/div>\n            <\/div>\n          <\/div>\n        <\/div>\n      <\/div>\n    <\/div>\n  <\/div>\n<\/div>","protected":false},"excerpt":{"rendered":"<p>Skorzystaj z poni\u017cszego formularza aby poda\u0107 dane, kt\u00f3re niezb\u0119dne s\u0105 do przygotowania oblicze\u0144 numerologicznych. Korzystaj\u0105c z poni\u017cszego formularza mo\u017cesz doda\u0107 dane maksymalnie 3 dodatkowych&nbsp;os\u00f3b (np. partnera i dzieci)<\/p>","protected":false},"author":1,"featured_media":0,"parent":15135,"menu_order":0,"comment_status":"closed","ping_status":"closed","template":"page-templates\/full-width-page.php","meta":{"footnotes":""},"class_list":["post-14797","page","type-page","status-publish","hentry"],"_links":{"self":[{"href":"https:\/\/www.metamorfozis.pl\/en\/wp-json\/wp\/v2\/pages\/14797","targetHints":{"allow":["GET"]}}],"collection":[{"href":"https:\/\/www.metamorfozis.pl\/en\/wp-json\/wp\/v2\/pages"}],"about":[{"href":"https:\/\/www.metamorfozis.pl\/en\/wp-json\/wp\/v2\/types\/page"}],"author":[{"embeddable":true,"href":"https:\/\/www.metamorfozis.pl\/en\/wp-json\/wp\/v2\/users\/1"}],"replies":[{"embeddable":true,"href":"https:\/\/www.metamorfozis.pl\/en\/wp-json\/wp\/v2\/comments?post=14797"}],"version-history":[{"count":5,"href":"https:\/\/www.metamorfozis.pl\/en\/wp-json\/wp\/v2\/pages\/14797\/revisions"}],"predecessor-version":[{"id":28671,"href":"https:\/\/www.metamorfozis.pl\/en\/wp-json\/wp\/v2\/pages\/14797\/revisions\/28671"}],"up":[{"embeddable":true,"href":"https:\/\/www.metamorfozis.pl\/en\/wp-json\/wp\/v2\/pages\/15135"}],"wp:attachment":[{"href":"https:\/\/www.metamorfozis.pl\/en\/wp-json\/wp\/v2\/media?parent=14797"}],"curies":[{"name":"wp","href":"https:\/\/api.w.org\/{rel}","templated":true}]}}