{"id":28843,"date":"2026-04-19T20:58:50","date_gmt":"2026-04-19T18:58:50","guid":{"rendered":"https:\/\/www.metamorfozis.pl\/?page_id=28843"},"modified":"2026-04-20T09:03:19","modified_gmt":"2026-04-20T07:03:19","slug":"wygeneruj-swoja-karte-obliczen-numerologicznych","status":"publish","type":"page","link":"https:\/\/www.metamorfozis.pl\/en\/wygeneruj-swoja-karte-obliczen-numerologicznych\/","title":{"rendered":"Wygeneruj swoj\u0105 Kart\u0119 Oblicze\u0144 Numerologicznych \u2122"},"content":{"rendered":"<div data-colibri-id=\"28843-c1\" class=\"style-4305 style-local-28843-c1 position-relative\">\n  <!---->\n  <div data-colibri-component=\"section\" data-colibri-id=\"28843-c2\" id=\"custom\" class=\"h-section h-section-global-spacing d-flex align-items-lg-center align-items-md-center align-items-center style-4316 style-local-28843-c2 position-relative\">\n    <!---->\n    <!---->\n    <div class=\"h-section-grid-container h-section-boxed-container\">\n      <!---->\n      <div data-colibri-id=\"28843-c3\" class=\"h-row-container gutters-row-lg-2 gutters-row-md-2 gutters-row-0 gutters-row-v-lg-2 gutters-row-v-md-2 gutters-row-v-2 style-4317 style-local-28843-c3 position-relative\">\n        <!---->\n        <div class=\"h-row justify-content-lg-center justify-content-md-center justify-content-center align-items-lg-stretch align-items-md-stretch align-items-stretch gutters-col-lg-2 gutters-col-md-2 gutters-col-0 gutters-col-v-lg-2 gutters-col-v-md-2 gutters-col-v-2\">\n          <!---->\n          <div class=\"h-column h-column-container d-flex h-col-lg-auto h-col-md-auto h-col-auto style-4318-outer style-local-28843-c4-outer\">\n            <div data-colibri-id=\"28843-c4\" class=\"d-flex h-flex-basis h-column__inner h-px-lg-2 h-px-md-2 h-px-2 v-inner-lg-2 v-inner-md-2 v-inner-2 style-4318 style-local-28843-c4 position-relative\">\n              <!---->\n              <!---->\n              <div class=\"w-100 h-y-container h-column__content h-column__v-align flex-basis-100 align-self-lg-start align-self-md-start align-self-start\">\n                <!---->\n                <div data-colibri-id=\"28843-c5\" class=\"h-global-transition-all h-heading style-4321 style-local-28843-c5 position-relative h-element\">\n                  <!---->\n                  <div class=\"h-heading__outer style-4321 style-local-28843-c5\">\n                    <!---->\n                    <!---->\n                    <h1 class=\"\"><span style=\"color: rgb(255, 206, 44);\">Bezp\u0142atna Karta<\/span><\/h1>\n                  <\/div>\n                <\/div>\n                <div data-colibri-id=\"28843-c6\" class=\"h-global-transition-all h-heading style-4323 style-local-28843-c6 position-relative h-element\">\n                  <!---->\n                  <div class=\"h-heading__outer style-4323 style-local-28843-c6\">\n                    <!---->\n                    <!---->\n                    <h2 class=\"\">Twoja Karta. Twoje dane.\n                      <br>My zapominamy.<\/h2>\n                  <\/div>\n                <\/div>\n                <div data-colibri-id=\"28843-c7\" class=\"h-global-transition-all h-heading style-4324 style-local-28843-c7 position-relative h-element\">\n                  <!---->\n                  <div class=\"h-heading__outer style-4324 style-local-28843-c7\">\n                    <!---->\n                    <!---->\n                    <h5 class=\"\">Wygeneruj swoj\u0105 Kart\u0119 Oblicze\u0144 Numerologicznych\u2122 za darmo \u2014 dostaniesz j\u0105 na email w ci\u0105gu kilku minut jako JPG. Po wysy\u0142ce nie zostawiamy \u017cadnej kopii na serwerze.<\/h5>\n                  <\/div>\n                <\/div>\n                <div data-colibri-id=\"28843-c8\" class=\"style-4322 style-local-28843-c8 position-relative h-element\">\n                  <!---->\n                  <div class=\"\">\n                    <!-- Metamorfozis \u2014 Bezp\u0142atna Karta Oblicze\u0144 Numerologicznych\u2122 -->\n                    <div id=\"metamorfozis-free-widget\"><\/div>\n                    <script src=\"https:\/\/metamorfozis.club\/widgets\/free-widget.js\" async=\"\"><\/script>\n                  <\/div>\n                <\/div>\n              <\/div>\n            <\/div>\n          <\/div>\n          <div class=\"h-column h-column-container d-flex h-col-lg-auto h-col-md-auto h-col-auto style-4319-outer style-local-28843-c9-outer\">\n            <div data-colibri-id=\"28843-c9\" class=\"d-flex h-flex-basis h-column__inner h-px-lg-2 h-px-md-2 h-px-2 v-inner-lg-2 v-inner-md-2 v-inner-2 style-4319 style-local-28843-c9 position-relative\">\n              <!---->\n              <!---->\n              <div class=\"w-100 h-y-container h-column__content h-column__v-align flex-basis-100 align-self-lg-start align-self-md-start align-self-start\">\n                <!---->\n                <div data-colibri-id=\"28843-c10\" class=\"h-global-transition-all h-heading style-4325 style-local-28843-c10 position-relative h-element\">\n                  <!---->\n                  <div class=\"h-heading__outer style-4325 style-local-28843-c10\">\n                    <!---->\n                    <!---->\n                    <h3 class=\"\">Przyk\u0142adowa&#8230;<\/h3>\n                  <\/div>\n                <\/div>\n                <div data-colibri-id=\"28843-c11\" class=\"d-block style-4320 style-local-28843-c11 position-relative h-element\">\n                  <!---->\n                  <div class=\"h-image__frame-container-outer\">\n                    <div class=\"h-image__frame-container\">\n                      <!---->\n                      <!---->\n                      <img loading=\"lazy\" decoding=\"async\" width=\"1811\" height=\"2560\" src=\"https:\/\/www.metamorfozis.pl\/wp-content\/uploads\/2026\/03\/17.8.1998_Konstancja_Anna-scaled.jpg\" class=\"wp-image-28477 style-4320-image style-local-28843-c11-image\" alt=\"Karta Oblicze\u0144 Numerologicznych Metamorfozis www.metamorfozis.pl\" srcset=\"https:\/\/www.metamorfozis.pl\/wp-content\/uploads\/2026\/03\/17.8.1998_Konstancja_Anna-scaled.jpg 1811w, https:\/\/www.metamorfozis.pl\/wp-content\/uploads\/2026\/03\/17.8.1998_Konstancja_Anna-212x300.jpg 212w, https:\/\/www.metamorfozis.pl\/wp-content\/uploads\/2026\/03\/17.8.1998_Konstancja_Anna-724x1024.jpg 724w, https:\/\/www.metamorfozis.pl\/wp-content\/uploads\/2026\/03\/17.8.1998_Konstancja_Anna-768x1086.jpg 768w, https:\/\/www.metamorfozis.pl\/wp-content\/uploads\/2026\/03\/17.8.1998_Konstancja_Anna-1086x1536.jpg 1086w, https:\/\/www.metamorfozis.pl\/wp-content\/uploads\/2026\/03\/17.8.1998_Konstancja_Anna-1448x2048.jpg 1448w, https:\/\/www.metamorfozis.pl\/wp-content\/uploads\/2026\/03\/17.8.1998_Konstancja_Anna-8x12.jpg 8w\" sizes=\"auto, (max-width: 1811px) 100vw, 1811px\" \/>\n                      <div class=\"h-image__frame h-hide-lg h-hide-md h-hide-sm style-4320-frameImage style-local-28843-c11-frameImage\"><\/div>\n                    <\/div>\n                  <\/div>\n                <\/div>\n              <\/div>\n            <\/div>\n          <\/div>\n        <\/div>\n      <\/div>\n    <\/div>\n  <\/div>\n<\/div>","protected":false},"excerpt":{"rendered":"<p>Bezp\u0142atna Karta Twoja Karta. Twoje dane. My zapominamy. Wygeneruj swoj\u0105 Kart\u0119 Oblicze\u0144 Numerologicznych\u2122 za darmo \u2014 dostaniesz j\u0105 na email w ci\u0105gu kilku minut jako JPG. Po wysy\u0142ce nie zostawiamy \u017cadnej kopii na serwerze. Przyk\u0142adowa&#8230;<\/p>","protected":false},"author":1,"featured_media":0,"parent":0,"menu_order":0,"comment_status":"closed","ping_status":"closed","template":"page-templates\/full-width-page.php","meta":{"footnotes":""},"class_list":["post-28843","page","type-page","status-publish","hentry"],"_links":{"self":[{"href":"https:\/\/www.metamorfozis.pl\/en\/wp-json\/wp\/v2\/pages\/28843","targetHints":{"allow":["GET"]}}],"collection":[{"href":"https:\/\/www.metamorfozis.pl\/en\/wp-json\/wp\/v2\/pages"}],"about":[{"href":"https:\/\/www.metamorfozis.pl\/en\/wp-json\/wp\/v2\/types\/page"}],"author":[{"embeddable":true,"href":"https:\/\/www.metamorfozis.pl\/en\/wp-json\/wp\/v2\/users\/1"}],"replies":[{"embeddable":true,"href":"https:\/\/www.metamorfozis.pl\/en\/wp-json\/wp\/v2\/comments?post=28843"}],"version-history":[{"count":6,"href":"https:\/\/www.metamorfozis.pl\/en\/wp-json\/wp\/v2\/pages\/28843\/revisions"}],"predecessor-version":[{"id":28893,"href":"https:\/\/www.metamorfozis.pl\/en\/wp-json\/wp\/v2\/pages\/28843\/revisions\/28893"}],"wp:attachment":[{"href":"https:\/\/www.metamorfozis.pl\/en\/wp-json\/wp\/v2\/media?parent=28843"}],"curies":[{"name":"wp","href":"https:\/\/api.w.org\/{rel}","templated":true}]}}